{"id":8,"date":"2025-04-11T14:28:56","date_gmt":"2025-04-11T14:28:56","guid":{"rendered":"https:\/\/petitmarteau.ch\/?page_id=8"},"modified":"2025-07-08T19:07:19","modified_gmt":"2025-07-08T19:07:19","slug":"bienvenue-a-la-brasserie-petit-marteau","status":"publish","type":"page","link":"https:\/\/petitmarteau.ch\/","title":{"rendered":"Bienvenue \u00e0 la Brasserie Petit Marteau"},"content":{"rendered":"\n<video autoplay muted loop playsinline style=\"max-width:100%; height:auto;\">\n  <source src=\"https:\/\/petitmarteau.ch\/wp-content\/uploads\/2025\/06\/AnimationLogo_blanc-sur-noir.mov\" type=\"video\/mp4\">\n  Votre navigateur ne supporte pas la vid\u00e9o HTML5.\n<\/video>\n\n\n\n<p class=\"has-text-align-center has-black-color has-text-color has-link-color has-large-font-size wp-elements-e33b26106c1c39fc4f99e95143b58cd3\">Des bi\u00e8res artisanales brass\u00e9es avec soin, \u00e0 partir de malt et de houblon Suisse<\/p>\n\n\n\n<p class=\"has-text-align-center has-black-color has-text-color has-link-color has-large-font-size wp-elements-fd86936bc831e8366ff5b9e985e465fa\">Frapp\u00e9es d&rsquo;authenticit\u00e9<\/p>\n\n\n\n<p><\/p>\n","protected":false},"excerpt":{"rendered":"<p>Votre navigateur ne supporte pas la vid\u00e9o HTML5. Des bi\u00e8res artisanales brass\u00e9es avec soin, \u00e0 partir de malt et de houblon Suisse Frapp\u00e9es d&rsquo;authenticit\u00e9<\/p>\n","protected":false},"author":1,"featured_media":0,"parent":0,"menu_order":0,"comment_status":"closed","ping_status":"closed","template":"","meta":{"footnotes":""},"class_list":["post-8","page","type-page","status-publish","hentry"],"_links":{"self":[{"href":"https:\/\/petitmarteau.ch\/index.php\/wp-json\/wp\/v2\/pages\/8","targetHints":{"allow":["GET"]}}],"collection":[{"href":"https:\/\/petitmarteau.ch\/index.php\/wp-json\/wp\/v2\/pages"}],"about":[{"href":"https:\/\/petitmarteau.ch\/index.php\/wp-json\/wp\/v2\/types\/page"}],"author":[{"embeddable":true,"href":"https:\/\/petitmarteau.ch\/index.php\/wp-json\/wp\/v2\/users\/1"}],"replies":[{"embeddable":true,"href":"https:\/\/petitmarteau.ch\/index.php\/wp-json\/wp\/v2\/comments?post=8"}],"version-history":[{"count":17,"href":"https:\/\/petitmarteau.ch\/index.php\/wp-json\/wp\/v2\/pages\/8\/revisions"}],"predecessor-version":[{"id":150,"href":"https:\/\/petitmarteau.ch\/index.php\/wp-json\/wp\/v2\/pages\/8\/revisions\/150"}],"wp:attachment":[{"href":"https:\/\/petitmarteau.ch\/index.php\/wp-json\/wp\/v2\/media?parent=8"}],"curies":[{"name":"wp","href":"https:\/\/api.w.org\/{rel}","templated":true}]}}