{"id":57,"date":"2025-04-28T19:13:47","date_gmt":"2025-04-28T19:13:47","guid":{"rendered":"https:\/\/petitmarteau.ch\/?page_id=57"},"modified":"2026-02-25T10:47:45","modified_gmt":"2026-02-25T10:47:45","slug":"ou-trouver-nos-bieres","status":"publish","type":"page","link":"https:\/\/petitmarteau.ch\/index.php\/ou-trouver-nos-bieres\/","title":{"rendered":"Ou trouver nos bi\u00e8res"},"content":{"rendered":"<div class=\"wp-block-image\">\n<figure class=\"aligncenter size-full\"><a href=\"https:\/\/www.ecossiau.ch\/\"><img loading=\"lazy\" decoding=\"async\" width=\"281\" height=\"147\" src=\"https:\/\/petitmarteau.ch\/wp-content\/uploads\/2026\/02\/dce1bd_581070d714f84b15b100d7a270964b5fmv2.avif\" alt=\"\" class=\"wp-image-159\" style=\"aspect-ratio:1.911673080447132\"\/><\/a><figcaption class=\"wp-element-caption\"><strong>Les Jardins de l\u2019Ecossiau \u2013 Bogis-Bossey (VD)<\/strong><br>Une exploitation familiale proposant fruits et l\u00e9gumes de saison, huiles artisanales, \u0153ufs et produits du terroir.<br><br>\ud83d\udccd Chemin des Jardins 4, 1279 Bogis-Bossey<br>\ud83d\udd52 Ouvert le samedi de 9h00 \u00e0 12h00 <br>(mars \u00e0 d\u00e9cembre)<\/figcaption><\/figure>\n<\/div>\n\n\n<div style=\"height:20px\" aria-hidden=\"true\" class=\"wp-block-spacer\"><\/div>\n\n\n<div class=\"wp-block-image\">\n<figure class=\"aligncenter size-large is-resized\"><a href=\"https:\/\/www.facebook.com\/profile.php?id=100085655043964\"><img loading=\"lazy\" decoding=\"async\" width=\"1024\" height=\"818\" src=\"https:\/\/petitmarteau.ch\/wp-content\/uploads\/2026\/02\/5b524bb4-2d85-4fb1-b122-3909f08847f0-1024x818.png\" alt=\"\" class=\"wp-image-158\" style=\"aspect-ratio:1.2519508284339924;width:300px;height:auto\" srcset=\"https:\/\/petitmarteau.ch\/wp-content\/uploads\/2026\/02\/5b524bb4-2d85-4fb1-b122-3909f08847f0-1024x818.png 1024w, https:\/\/petitmarteau.ch\/wp-content\/uploads\/2026\/02\/5b524bb4-2d85-4fb1-b122-3909f08847f0-300x240.png 300w, https:\/\/petitmarteau.ch\/wp-content\/uploads\/2026\/02\/5b524bb4-2d85-4fb1-b122-3909f08847f0-768x614.png 768w, https:\/\/petitmarteau.ch\/wp-content\/uploads\/2026\/02\/5b524bb4-2d85-4fb1-b122-3909f08847f0.png 1384w\" sizes=\"auto, (max-width: 1024px) 100vw, 1024px\" \/><\/a><figcaption class=\"wp-element-caption\"><strong>BeerBox \u2013 Nyon (VD)<\/strong><br>Boutique sp\u00e9cialis\u00e9e en bi\u00e8res artisanales locales.<br><br>\ud83d\udccd Rte des Tattes d\u2019Oie 1, 1260 Nyon<br>\ud83d\udd52 Mar\u2013Ven 14h00\u201319h00 | Sam 14h00\u201318h00 <\/figcaption><\/figure>\n<\/div>\n\n\n<div style=\"height:20px\" aria-hidden=\"true\" class=\"wp-block-spacer\"><\/div>\n\n\n<div class=\"wp-block-image\">\n<figure class=\"aligncenter size-large is-resized\"><a href=\"https:\/\/lelocal-nyon.ch\/\"><img loading=\"lazy\" decoding=\"async\" width=\"1024\" height=\"1024\" src=\"https:\/\/petitmarteau.ch\/wp-content\/uploads\/2026\/02\/Logo-Le-Local-Vert-Reseaux-Sociaux-1024x1024.png\" alt=\"\" class=\"wp-image-162\" style=\"width:304px;height:auto\" srcset=\"https:\/\/petitmarteau.ch\/wp-content\/uploads\/2026\/02\/Logo-Le-Local-Vert-Reseaux-Sociaux-1024x1024.png 1024w, https:\/\/petitmarteau.ch\/wp-content\/uploads\/2026\/02\/Logo-Le-Local-Vert-Reseaux-Sociaux-300x300.png 300w, https:\/\/petitmarteau.ch\/wp-content\/uploads\/2026\/02\/Logo-Le-Local-Vert-Reseaux-Sociaux-150x150.png 150w, https:\/\/petitmarteau.ch\/wp-content\/uploads\/2026\/02\/Logo-Le-Local-Vert-Reseaux-Sociaux-768x768.png 768w, https:\/\/petitmarteau.ch\/wp-content\/uploads\/2026\/02\/Logo-Le-Local-Vert-Reseaux-Sociaux.png 1105w\" sizes=\"auto, (max-width: 1024px) 100vw, 1024px\" \/><\/a><figcaption class=\"wp-element-caption\"><strong>Le Local \u2013 Nyon (VD)<\/strong><br>Epicerie coop\u00e9rative proposant une s\u00e9lection de produits locaux, de saison et en vrac.<br><br>\ud83d\udccd Chemin du Midi 8, 1260 Nyon<br>\ud83d\udd52 Lun, Mar, Jeu, Ven 17h00 \u2013 19h00 <br>Mer 13h30 \u2013 19h00 \u2022 Sam 10h00 \u2013 14h00<\/figcaption><\/figure>\n<\/div>\n\n\n<div style=\"height:20px\" aria-hidden=\"true\" class=\"wp-block-spacer\"><\/div>\n\n\n<div class=\"wp-block-image\">\n<figure class=\"aligncenter size-large is-resized\"><a href=\"https:\/\/www.instagram.com\/marche_balmer\/\"><img loading=\"lazy\" decoding=\"async\" width=\"1024\" height=\"422\" src=\"https:\/\/petitmarteau.ch\/wp-content\/uploads\/2026\/02\/6192561-1024x422.jpg\" alt=\"\" class=\"wp-image-160\" style=\"width:281px;height:auto\" srcset=\"https:\/\/petitmarteau.ch\/wp-content\/uploads\/2026\/02\/6192561-1024x422.jpg 1024w, https:\/\/petitmarteau.ch\/wp-content\/uploads\/2026\/02\/6192561-300x124.jpg 300w, https:\/\/petitmarteau.ch\/wp-content\/uploads\/2026\/02\/6192561-768x317.jpg 768w, https:\/\/petitmarteau.ch\/wp-content\/uploads\/2026\/02\/6192561.jpg 1200w\" sizes=\"auto, (max-width: 1024px) 100vw, 1024px\" \/><\/a><figcaption class=\"wp-element-caption\"><strong>March\u00e9 Balmer \u2013 Founex (VD)<\/strong><br>Commerce de proximit\u00e9 proposant produits frais et sp\u00e9cialit\u00e9s r\u00e9gionales.<br><br>\ud83d\udccd Chem. des Arzilieres 1, 1297 Founex<br>\ud83d\udd52 Mar\u2013Ven 08h00\u201312h30 &amp; 14h00\u201318h00 <br>Sam 08h00\u201313h00<\/figcaption><\/figure>\n<\/div>\n\n\n<div style=\"height:20px\" aria-hidden=\"true\" class=\"wp-block-spacer\"><\/div>\n\n\n<div class=\"wp-block-image\">\n<figure class=\"aligncenter size-full is-resized\"><a href=\"https:\/\/www.cadar.ch\/epiceries\/le-marche-des-corbeaux-sarl\/\"><img loading=\"lazy\" decoding=\"async\" width=\"200\" height=\"200\" src=\"https:\/\/petitmarteau.ch\/wp-content\/uploads\/2026\/02\/showPhoto.jpg\" alt=\"\" class=\"wp-image-161\" style=\"width:333px;height:auto\" srcset=\"https:\/\/petitmarteau.ch\/wp-content\/uploads\/2026\/02\/showPhoto.jpg 200w, https:\/\/petitmarteau.ch\/wp-content\/uploads\/2026\/02\/showPhoto-150x150.jpg 150w\" sizes=\"auto, (max-width: 200px) 100vw, 200px\" \/><\/a><figcaption class=\"wp-element-caption\"><strong>Le March\u00e9 Des Corbeaux S\u00e0rl \u2013 Crans-pr\u00e8s-C\u00e9ligny (VD)<\/strong><br> Epicerie de village proposant produits frais, alimentation g\u00e9n\u00e9rale, vins, pain et sp\u00e9cialit\u00e9s locales.<br><br>\ud83d\udccd Rue du Grand Pr\u00e9 23, 1299 Crans-pr\u00e8s-C\u00e9ligny<br>\ud83d\udd52 Lun\u2013Ven 07h00\u201312h30 &amp; 14h30\u201319h00 <br>Sam 07h00\u201313h00<\/figcaption><\/figure>\n<\/div>\n\n\n<p><\/p>\n","protected":false},"excerpt":{"rendered":"","protected":false},"author":1,"featured_media":0,"parent":0,"menu_order":0,"comment_status":"closed","ping_status":"closed","template":"","meta":{"footnotes":""},"class_list":["post-57","page","type-page","status-publish","hentry"],"_links":{"self":[{"href":"https:\/\/petitmarteau.ch\/index.php\/wp-json\/wp\/v2\/pages\/57","targetHints":{"allow":["GET"]}}],"collection":[{"href":"https:\/\/petitmarteau.ch\/index.php\/wp-json\/wp\/v2\/pages"}],"about":[{"href":"https:\/\/petitmarteau.ch\/index.php\/wp-json\/wp\/v2\/types\/page"}],"author":[{"embeddable":true,"href":"https:\/\/petitmarteau.ch\/index.php\/wp-json\/wp\/v2\/users\/1"}],"replies":[{"embeddable":true,"href":"https:\/\/petitmarteau.ch\/index.php\/wp-json\/wp\/v2\/comments?post=57"}],"version-history":[{"count":25,"href":"https:\/\/petitmarteau.ch\/index.php\/wp-json\/wp\/v2\/pages\/57\/revisions"}],"predecessor-version":[{"id":180,"href":"https:\/\/petitmarteau.ch\/index.php\/wp-json\/wp\/v2\/pages\/57\/revisions\/180"}],"wp:attachment":[{"href":"https:\/\/petitmarteau.ch\/index.php\/wp-json\/wp\/v2\/media?parent=57"}],"curies":[{"name":"wp","href":"https:\/\/api.w.org\/{rel}","templated":true}]}}