{"id":43,"date":"2025-04-27T19:32:13","date_gmt":"2025-04-27T19:32:13","guid":{"rendered":"https:\/\/petitmarteau.ch\/?page_id=43"},"modified":"2025-07-06T18:23:16","modified_gmt":"2025-07-06T18:23:16","slug":"les-bieres","status":"publish","type":"page","link":"https:\/\/petitmarteau.ch\/index.php\/les-bieres\/","title":{"rendered":"Nos bi\u00e8res"},"content":{"rendered":"\n<figure class=\"wp-block-image size-large\"><img loading=\"lazy\" decoding=\"async\" width=\"726\" height=\"1024\" src=\"https:\/\/petitmarteau.ch\/wp-content\/uploads\/2025\/04\/Flyer-Petit-marteau.zip-2-726x1024.png\" alt=\"\" class=\"wp-image-27\" srcset=\"https:\/\/petitmarteau.ch\/wp-content\/uploads\/2025\/04\/Flyer-Petit-marteau.zip-2-726x1024.png 726w, https:\/\/petitmarteau.ch\/wp-content\/uploads\/2025\/04\/Flyer-Petit-marteau.zip-2-213x300.png 213w, https:\/\/petitmarteau.ch\/wp-content\/uploads\/2025\/04\/Flyer-Petit-marteau.zip-2-768x1083.png 768w, https:\/\/petitmarteau.ch\/wp-content\/uploads\/2025\/04\/Flyer-Petit-marteau.zip-2-1090x1536.png 1090w, https:\/\/petitmarteau.ch\/wp-content\/uploads\/2025\/04\/Flyer-Petit-marteau.zip-2.png 1240w\" sizes=\"auto, (max-width: 726px) 100vw, 726px\" \/><\/figure>\n\n\n\n<figure class=\"wp-block-image size-large\"><img loading=\"lazy\" decoding=\"async\" width=\"726\" height=\"1024\" src=\"https:\/\/petitmarteau.ch\/wp-content\/uploads\/2025\/04\/Flyer-Petit-marteau.zip-3-726x1024.png\" alt=\"\" class=\"wp-image-28\" srcset=\"https:\/\/petitmarteau.ch\/wp-content\/uploads\/2025\/04\/Flyer-Petit-marteau.zip-3-726x1024.png 726w, https:\/\/petitmarteau.ch\/wp-content\/uploads\/2025\/04\/Flyer-Petit-marteau.zip-3-213x300.png 213w, https:\/\/petitmarteau.ch\/wp-content\/uploads\/2025\/04\/Flyer-Petit-marteau.zip-3-768x1083.png 768w, https:\/\/petitmarteau.ch\/wp-content\/uploads\/2025\/04\/Flyer-Petit-marteau.zip-3-1090x1536.png 1090w, https:\/\/petitmarteau.ch\/wp-content\/uploads\/2025\/04\/Flyer-Petit-marteau.zip-3.png 1240w\" sizes=\"auto, (max-width: 726px) 100vw, 726px\" \/><\/figure>\n\n\n\n<p>Notre m\u00e9thode de brassage, qui reste traditionnelle, peut influencer le go\u00fbt de chaque lot. Ces variations sont naturelles et font partie de l\u2019authenticit\u00e9 de nos bi\u00e8res. Elles montrent que chaque brassin est unique, ce qui rend chaque d\u00e9gustation sp\u00e9ciale.<\/p>\n\n\n\n<p><\/p>\n","protected":false},"excerpt":{"rendered":"<p>Notre m\u00e9thode de brassage, qui reste traditionnelle, peut influencer le go\u00fbt de chaque lot. Ces variations sont naturelles et font partie de l\u2019authenticit\u00e9 de nos bi\u00e8res. Elles montrent que chaque brassin est unique, ce qui rend chaque d\u00e9gustation sp\u00e9ciale.<\/p>\n","protected":false},"author":1,"featured_media":0,"parent":0,"menu_order":0,"comment_status":"closed","ping_status":"closed","template":"","meta":{"footnotes":""},"class_list":["post-43","page","type-page","status-publish","hentry"],"_links":{"self":[{"href":"https:\/\/petitmarteau.ch\/index.php\/wp-json\/wp\/v2\/pages\/43","targetHints":{"allow":["GET"]}}],"collection":[{"href":"https:\/\/petitmarteau.ch\/index.php\/wp-json\/wp\/v2\/pages"}],"about":[{"href":"https:\/\/petitmarteau.ch\/index.php\/wp-json\/wp\/v2\/types\/page"}],"author":[{"embeddable":true,"href":"https:\/\/petitmarteau.ch\/index.php\/wp-json\/wp\/v2\/users\/1"}],"replies":[{"embeddable":true,"href":"https:\/\/petitmarteau.ch\/index.php\/wp-json\/wp\/v2\/comments?post=43"}],"version-history":[{"count":4,"href":"https:\/\/petitmarteau.ch\/index.php\/wp-json\/wp\/v2\/pages\/43\/revisions"}],"predecessor-version":[{"id":143,"href":"https:\/\/petitmarteau.ch\/index.php\/wp-json\/wp\/v2\/pages\/43\/revisions\/143"}],"wp:attachment":[{"href":"https:\/\/petitmarteau.ch\/index.php\/wp-json\/wp\/v2\/media?parent=43"}],"curies":[{"name":"wp","href":"https:\/\/api.w.org\/{rel}","templated":true}]}}