{"id":168,"date":"2026-02-25T09:53:15","date_gmt":"2026-02-25T09:53:15","guid":{"rendered":"https:\/\/petitmarteau.ch\/?page_id=168"},"modified":"2026-02-25T09:53:15","modified_gmt":"2026-02-25T09:53:15","slug":"vos-evenements","status":"publish","type":"page","link":"https:\/\/petitmarteau.ch\/index.php\/vos-evenements\/","title":{"rendered":"Vos \u00e9v\u00e9nements"},"content":{"rendered":"\n<p>La <strong>Brasserie Petit Marteau<\/strong> vous propose ses bi\u00e8res artisanales en <strong>f\u00fbts de 20 litres<\/strong>, pr\u00eates \u00e0 \u00eatre servies \u00e0 la pression.<\/p>\n\n\n\n<p>Nous mettons \u00e9galement \u00e0 disposition des <strong>tireuses \u00e0 bi\u00e8re professionnelles<\/strong>, simples d\u2019utilisation et parfaitement adapt\u00e9es aux f\u00eates, anniversaires, manifestations ou \u00e9v\u00e9nements d\u2019entreprise.<\/p>\n\n\n\n<p><\/p>\n","protected":false},"excerpt":{"rendered":"<p>La Brasserie Petit Marteau vous propose ses bi\u00e8res artisanales en f\u00fbts de 20 litres, pr\u00eates \u00e0 \u00eatre servies \u00e0 la pression. Nous mettons \u00e9galement \u00e0 disposition des tireuses \u00e0 bi\u00e8re professionnelles, simples d\u2019utilisation et parfaitement adapt\u00e9es aux f\u00eates, anniversaires, manifestations ou \u00e9v\u00e9nements d\u2019entreprise.<\/p>\n","protected":false},"author":1,"featured_media":0,"parent":0,"menu_order":0,"comment_status":"closed","ping_status":"closed","template":"","meta":{"footnotes":""},"class_list":["post-168","page","type-page","status-publish","hentry"],"_links":{"self":[{"href":"https:\/\/petitmarteau.ch\/index.php\/wp-json\/wp\/v2\/pages\/168","targetHints":{"allow":["GET"]}}],"collection":[{"href":"https:\/\/petitmarteau.ch\/index.php\/wp-json\/wp\/v2\/pages"}],"about":[{"href":"https:\/\/petitmarteau.ch\/index.php\/wp-json\/wp\/v2\/types\/page"}],"author":[{"embeddable":true,"href":"https:\/\/petitmarteau.ch\/index.php\/wp-json\/wp\/v2\/users\/1"}],"replies":[{"embeddable":true,"href":"https:\/\/petitmarteau.ch\/index.php\/wp-json\/wp\/v2\/comments?post=168"}],"version-history":[{"count":1,"href":"https:\/\/petitmarteau.ch\/index.php\/wp-json\/wp\/v2\/pages\/168\/revisions"}],"predecessor-version":[{"id":169,"href":"https:\/\/petitmarteau.ch\/index.php\/wp-json\/wp\/v2\/pages\/168\/revisions\/169"}],"wp:attachment":[{"href":"https:\/\/petitmarteau.ch\/index.php\/wp-json\/wp\/v2\/media?parent=168"}],"curies":[{"name":"wp","href":"https:\/\/api.w.org\/{rel}","templated":true}]}}