{"id":131,"date":"2025-07-03T19:54:47","date_gmt":"2025-07-03T19:54:47","guid":{"rendered":"https:\/\/petitmarteau.ch\/?page_id=131"},"modified":"2026-02-25T09:42:26","modified_gmt":"2026-02-25T09:42:26","slug":"nos-engagements-locaux","status":"publish","type":"page","link":"https:\/\/petitmarteau.ch\/index.php\/nos-engagements-locaux\/","title":{"rendered":"Nos Engagements Locaux\u00a0"},"content":{"rendered":"\n<p>Nous favorisons les&nbsp;<strong>circuits courts<\/strong>&nbsp;en privil\u00e9giant les \u00e9changes locaux et directs<\/p>\n\n\n\n<p><strong>Malt Suisse<\/strong>\u00a0: Nous utilisons du\u00a0malt provenant du Cercle des agriculteurs de Satigny, certifi\u00e9\u00a0GRTA, garantissant un produit de qualit\u00e9, issu de l\u2019agriculture local.<\/p>\n\n\n\n<p><strong>Houblon Suisse<\/strong>\u00a0: Les\u00a0houblons\u00a0utilis\u00e9 dans nos bi\u00e8res proviennent de\u00a0la ferme Stammheimer Hopfentropfen, situ\u00e9 dans la paisible vall\u00e9e de\u00a0Stammheim, dans le canton de Zurich.<\/p>\n\n\n\n<p><strong>Valorisation des Dr\u00eaches<\/strong>&nbsp;: Nos dr\u00eaches sont distribu\u00e9e aux agriculteurs de la r\u00e9gion pour nourrir leurs animaux.<\/p>\n\n\n\n<p><\/p>\n","protected":false},"excerpt":{"rendered":"<p>Nous favorisons les&nbsp;circuits courts&nbsp;en privil\u00e9giant les \u00e9changes locaux et directs Malt Suisse\u00a0: Nous utilisons du\u00a0malt provenant du Cercle des agriculteurs de Satigny, certifi\u00e9\u00a0GRTA, garantissant un produit de qualit\u00e9, issu de l\u2019agriculture local. Houblon Suisse\u00a0: Les\u00a0houblons\u00a0utilis\u00e9 dans nos bi\u00e8res proviennent de\u00a0la ferme Stammheimer Hopfentropfen, situ\u00e9 dans la paisible vall\u00e9e de\u00a0Stammheim, dans le canton de Zurich. Valorisation<\/p>\n<div class=\"more-link\">\n             <a href=\"https:\/\/petitmarteau.ch\/index.php\/nos-engagements-locaux\/\" class=\"theme-btn\"><span>Continue Reading <\/span><i class=\"bi bi-arrow-right\"><\/i><\/a>\n        <\/div>\n","protected":false},"author":1,"featured_media":0,"parent":0,"menu_order":0,"comment_status":"closed","ping_status":"closed","template":"","meta":{"footnotes":""},"class_list":["post-131","page","type-page","status-publish","hentry"],"_links":{"self":[{"href":"https:\/\/petitmarteau.ch\/index.php\/wp-json\/wp\/v2\/pages\/131","targetHints":{"allow":["GET"]}}],"collection":[{"href":"https:\/\/petitmarteau.ch\/index.php\/wp-json\/wp\/v2\/pages"}],"about":[{"href":"https:\/\/petitmarteau.ch\/index.php\/wp-json\/wp\/v2\/types\/page"}],"author":[{"embeddable":true,"href":"https:\/\/petitmarteau.ch\/index.php\/wp-json\/wp\/v2\/users\/1"}],"replies":[{"embeddable":true,"href":"https:\/\/petitmarteau.ch\/index.php\/wp-json\/wp\/v2\/comments?post=131"}],"version-history":[{"count":8,"href":"https:\/\/petitmarteau.ch\/index.php\/wp-json\/wp\/v2\/pages\/131\/revisions"}],"predecessor-version":[{"id":167,"href":"https:\/\/petitmarteau.ch\/index.php\/wp-json\/wp\/v2\/pages\/131\/revisions\/167"}],"wp:attachment":[{"href":"https:\/\/petitmarteau.ch\/index.php\/wp-json\/wp\/v2\/media?parent=131"}],"curies":[{"name":"wp","href":"https:\/\/api.w.org\/{rel}","templated":true}]}}